{"id":272,"date":"2026-02-18T10:57:30","date_gmt":"2026-02-18T10:57:30","guid":{"rendered":"https:\/\/preview.tierheim-pforzheim.de\/?page_id=272"},"modified":"2026-02-18T11:23:27","modified_gmt":"2026-02-18T11:23:27","slug":"tierheim","status":"publish","type":"page","link":"https:\/\/preview.tierheim-pforzheim.de\/index.php\/tierheim\/","title":{"rendered":"Tierheim"},"content":{"rendered":"\t\t<div data-elementor-type=\"wp-page\" data-elementor-id=\"272\" class=\"elementor elementor-272\">\n\t\t\t\t<div class=\"elementor-element elementor-element-c4eb715 e-con-full e-flex e-con e-parent\" data-id=\"c4eb715\" data-element_type=\"container\" data-e-type=\"container\" data-settings=\"{&quot;background_background&quot;:&quot;classic&quot;}\">\n\t\t\t\t<\/div>\n\t\t<div class=\"elementor-element elementor-element-73fc369 e-flex e-con-boxed e-con e-parent\" data-id=\"73fc369\" data-element_type=\"container\" data-e-type=\"container\">\n\t\t\t\t\t<div class=\"e-con-inner\">\n\t\t\t\t<div class=\"elementor-element elementor-element-96796b1 elementor-widget elementor-widget-spacer\" data-id=\"96796b1\" data-element_type=\"widget\" data-e-type=\"widget\" data-widget_type=\"spacer.default\">\n\t\t\t\t\t\t\t<div class=\"elementor-spacer\">\n\t\t\t<div class=\"elementor-spacer-inner\"><\/div>\n\t\t<\/div>\n\t\t\t\t\t\t<\/div>\n\t\t\t\t<div class=\"elementor-element elementor-element-08afcbe elementor-widget elementor-widget-heading\" data-id=\"08afcbe\" data-element_type=\"widget\" data-e-type=\"widget\" data-widget_type=\"heading.default\">\n\t\t\t\t\t<h2 class=\"elementor-heading-title elementor-size-default\">Unser Team<\/h2>\t\t\t\t<\/div>\n\t\t\t\t<div class=\"elementor-element elementor-element-e99b515 elementor-widget elementor-widget-text-editor\" data-id=\"e99b515\" data-element_type=\"widget\" data-e-type=\"widget\" data-widget_type=\"text-editor.default\">\n\t\t\t\t\t\t\t\t\t<p>Ein Tierschutzverein ist kein \u201enormaler\u201c Arbeitgeber. Ein Tierheim keine allt\u00e4gliche Arbeitsstelle. Wer erwartet, jeden Tag p\u00fcnktlich gehen zu k\u00f6nnen, m\u00f6gliche \u00dcberstunden ausbezahlt oder auf die Minute in Freizeit abgegolten zu bekommen, der wird erkennen m\u00fcssen, dass die Uhren in einem Tierheim anders ticken. Denn die Arbeit dort ist stressig und unglaublich vielf\u00e4ltig. Oftmals auch nervenaufreibend und belastend, wenn einen tierische Einzelschicksale in Gedanken bis nach Hause begleiten. Unvorhergesehene Situationen sind beinahe an der Tagesordnung und erfordern au\u00dferordentliche Ma\u00dfnahmen, die die ohnehin immer knapp bemessene Mitarbeiter-Schar immer wieder aufs Neue fordert und hin und wieder an ihre Grenzen des Leistbaren bringt. Und sie sind nur zu \u00fcberwinden, wenn das ganze Team zusammenarbeitet und gemeinsam an einem Strang zieht. Unsere Sch\u00fctzlinge in ein tolles neues Zuhause gehen zu sehen, entsch\u00e4digt jede Anstrengung jedes Mal aufs Neue!<\/p><p><strong>Wir sind stolz auf eine so tolle Mitarbeiter-Schar und wissen, dass jeder einzelne seine Arbeit liebt und egal wann oder egal um wieviel Uhr ein Notfall ansteht, immer zur Stelle ist und sich gegenseitig geholfen wird!\u00a0<\/strong><strong>Das ist nicht selbstverst\u00e4ndlich und daf\u00fcr sind wir sehr dankbar!\u00a0<\/strong><strong>Ein funktionierendes Team ist die Basis f\u00fcr jedes Tierheim!<\/strong><\/p>\t\t\t\t\t\t\t\t<\/div>\n\t\t\t\t\t<\/div>\n\t\t\t\t<\/div>\n\t\t<div class=\"elementor-element elementor-element-901670c e-flex e-con-boxed e-con e-parent\" data-id=\"901670c\" data-element_type=\"container\" data-e-type=\"container\">\n\t\t\t\t\t<div class=\"e-con-inner\">\n\t\t<div class=\"elementor-element elementor-element-3d666d9 e-con-full e-flex e-con e-child\" data-id=\"3d666d9\" data-element_type=\"container\" data-e-type=\"container\">\n\t\t\t\t<div class=\"elementor-element elementor-element-e4362e6 elementor-widget elementor-widget-image\" data-id=\"e4362e6\" data-element_type=\"widget\" data-e-type=\"widget\" data-widget_type=\"image.default\">\n\t\t\t\t\t\t\t\t\t\t\t\t\t\t\t<img decoding=\"async\" src=\"https:\/\/preview.tierheim-pforzheim.de\/wp-content\/plugins\/elementor\/assets\/images\/placeholder.png\" title=\"\" alt=\"\" loading=\"lazy\" \/>\t\t\t\t\t\t\t\t\t\t\t\t\t\t\t<\/div>\n\t\t\t\t<div class=\"elementor-element elementor-element-88a0321 elementor-widget elementor-widget-text-editor\" data-id=\"88a0321\" data-element_type=\"widget\" data-e-type=\"widget\" data-widget_type=\"text-editor.default\">\n\t\t\t\t\t\t\t\t\t<p>Max Mustermann<\/p>\t\t\t\t\t\t\t\t<\/div>\n\t\t\t\t<\/div>\n\t\t<div class=\"elementor-element elementor-element-4e689db e-con-full e-flex e-con e-child\" data-id=\"4e689db\" data-element_type=\"container\" data-e-type=\"container\">\n\t\t\t\t<div class=\"elementor-element elementor-element-2e1a282 elementor-widget elementor-widget-image\" data-id=\"2e1a282\" data-element_type=\"widget\" data-e-type=\"widget\" data-widget_type=\"image.default\">\n\t\t\t\t\t\t\t\t\t\t\t\t\t\t\t<img decoding=\"async\" src=\"https:\/\/preview.tierheim-pforzheim.de\/wp-content\/plugins\/elementor\/assets\/images\/placeholder.png\" title=\"\" alt=\"\" loading=\"lazy\" \/>\t\t\t\t\t\t\t\t\t\t\t\t\t\t\t<\/div>\n\t\t\t\t<div class=\"elementor-element elementor-element-8553719 elementor-widget elementor-widget-text-editor\" data-id=\"8553719\" data-element_type=\"widget\" data-e-type=\"widget\" data-widget_type=\"text-editor.default\">\n\t\t\t\t\t\t\t\t\t<p>Max Mustermann<\/p>\t\t\t\t\t\t\t\t<\/div>\n\t\t\t\t<\/div>\n\t\t<div class=\"elementor-element elementor-element-85e170c e-con-full e-flex e-con e-child\" data-id=\"85e170c\" data-element_type=\"container\" data-e-type=\"container\">\n\t\t\t\t<div class=\"elementor-element elementor-element-329d399 elementor-widget elementor-widget-image\" data-id=\"329d399\" data-element_type=\"widget\" data-e-type=\"widget\" data-widget_type=\"image.default\">\n\t\t\t\t\t\t\t\t\t\t\t\t\t\t\t<img decoding=\"async\" src=\"https:\/\/preview.tierheim-pforzheim.de\/wp-content\/plugins\/elementor\/assets\/images\/placeholder.png\" title=\"\" alt=\"\" loading=\"lazy\" \/>\t\t\t\t\t\t\t\t\t\t\t\t\t\t\t<\/div>\n\t\t\t\t<div class=\"elementor-element elementor-element-22eae5e elementor-widget elementor-widget-text-editor\" data-id=\"22eae5e\" data-element_type=\"widget\" data-e-type=\"widget\" data-widget_type=\"text-editor.default\">\n\t\t\t\t\t\t\t\t\t<p>Max Mustermann<\/p>\t\t\t\t\t\t\t\t<\/div>\n\t\t\t\t<\/div>\n\t\t<div class=\"elementor-element elementor-element-9880a13 e-con-full e-flex e-con e-child\" data-id=\"9880a13\" data-element_type=\"container\" data-e-type=\"container\">\n\t\t\t\t<div class=\"elementor-element elementor-element-5bb3874 elementor-widget elementor-widget-image\" data-id=\"5bb3874\" data-element_type=\"widget\" data-e-type=\"widget\" data-widget_type=\"image.default\">\n\t\t\t\t\t\t\t\t\t\t\t\t\t\t\t<img decoding=\"async\" src=\"https:\/\/preview.tierheim-pforzheim.de\/wp-content\/plugins\/elementor\/assets\/images\/placeholder.png\" title=\"\" alt=\"\" loading=\"lazy\" \/>\t\t\t\t\t\t\t\t\t\t\t\t\t\t\t<\/div>\n\t\t\t\t<div class=\"elementor-element elementor-element-9d28aa4 elementor-widget elementor-widget-text-editor\" data-id=\"9d28aa4\" data-element_type=\"widget\" data-e-type=\"widget\" data-widget_type=\"text-editor.default\">\n\t\t\t\t\t\t\t\t\t<p>Max Mustermann<\/p>\t\t\t\t\t\t\t\t<\/div>\n\t\t\t\t<\/div>\n\t\t\t\t\t<\/div>\n\t\t\t\t<\/div>\n\t\t<div class=\"elementor-element elementor-element-c6a299e e-flex e-con-boxed e-con e-parent\" data-id=\"c6a299e\" data-element_type=\"container\" data-e-type=\"container\">\n\t\t\t\t\t<div class=\"e-con-inner\">\n\t\t\t\t<div class=\"elementor-element elementor-element-ef0eb13 elementor-widget elementor-widget-spacer\" data-id=\"ef0eb13\" data-element_type=\"widget\" data-e-type=\"widget\" data-widget_type=\"spacer.default\">\n\t\t\t\t\t\t\t<div class=\"elementor-spacer\">\n\t\t\t<div class=\"elementor-spacer-inner\"><\/div>\n\t\t<\/div>\n\t\t\t\t\t\t<\/div>\n\t\t\t\t\t<\/div>\n\t\t\t\t<\/div>\n\t\t<div class=\"elementor-element elementor-element-9b1a4a6 e-flex e-con-boxed e-con e-parent\" data-id=\"9b1a4a6\" data-element_type=\"container\" data-e-type=\"container\" data-settings=\"{&quot;background_background&quot;:&quot;classic&quot;}\">\n\t\t\t\t\t<div class=\"e-con-inner\">\n\t\t\t\t<div class=\"elementor-element elementor-element-fa68e82 elementor-widget elementor-widget-spacer\" data-id=\"fa68e82\" data-element_type=\"widget\" data-e-type=\"widget\" data-widget_type=\"spacer.default\">\n\t\t\t\t\t\t\t<div class=\"elementor-spacer\">\n\t\t\t<div class=\"elementor-spacer-inner\"><\/div>\n\t\t<\/div>\n\t\t\t\t\t\t<\/div>\n\t\t\t\t<div class=\"elementor-element elementor-element-2268fb8 elementor-widget elementor-widget-heading\" data-id=\"2268fb8\" data-element_type=\"widget\" data-e-type=\"widget\" data-widget_type=\"heading.default\">\n\t\t\t\t\t<h2 class=\"elementor-heading-title elementor-size-default\">H\u00e4ufig gestellte Fragen<\/h2>\t\t\t\t<\/div>\n\t\t\t\t<div class=\"elementor-element elementor-element-319a224 elementor-widget elementor-widget-spacer\" data-id=\"319a224\" data-element_type=\"widget\" data-e-type=\"widget\" data-widget_type=\"spacer.default\">\n\t\t\t\t\t\t\t<div class=\"elementor-spacer\">\n\t\t\t<div class=\"elementor-spacer-inner\"><\/div>\n\t\t<\/div>\n\t\t\t\t\t\t<\/div>\n\t\t\t\t<div class=\"elementor-element elementor-element-448f49d elementor-widget elementor-widget-heading\" data-id=\"448f49d\" data-element_type=\"widget\" data-e-type=\"widget\" data-widget_type=\"heading.default\">\n\t\t\t\t\t<h3 class=\"elementor-heading-title elementor-size-default\">Tierheim? Tierschutzverein? Wie h\u00e4ngt das zusammen?\n<\/h3>\t\t\t\t<\/div>\n\t\t\t\t<div class=\"elementor-element elementor-element-cd43e51 elementor-widget elementor-widget-text-editor\" data-id=\"cd43e51\" data-element_type=\"widget\" data-e-type=\"widget\" data-widget_type=\"text-editor.default\">\n\t\t\t\t\t\t\t\t\t<p>Ohne Tierschutzverein kein Tierheim. Der Tierschutzverein Pforzheim und Umgebung e. V. ist der Tr\u00e4ger des Pforzheimer Tierheims. Mit einer Mitgliedschaft im Tierschutzverein wird automatisch das Pforzheimer Tierheim unterst\u00fctzt.<\/p>\t\t\t\t\t\t\t\t<\/div>\n\t\t\t\t<div class=\"elementor-element elementor-element-35e8d55 elementor-widget elementor-widget-spacer\" data-id=\"35e8d55\" data-element_type=\"widget\" data-e-type=\"widget\" data-widget_type=\"spacer.default\">\n\t\t\t\t\t\t\t<div class=\"elementor-spacer\">\n\t\t\t<div class=\"elementor-spacer-inner\"><\/div>\n\t\t<\/div>\n\t\t\t\t\t\t<\/div>\n\t\t\t\t<div class=\"elementor-element elementor-element-1b8dcfd elementor-widget elementor-widget-heading\" data-id=\"1b8dcfd\" data-element_type=\"widget\" data-e-type=\"widget\" data-widget_type=\"heading.default\">\n\t\t\t\t\t<h3 class=\"elementor-heading-title elementor-size-default\">Wie finanziert sich das Tierheim?\n<\/h3>\t\t\t\t<\/div>\n\t\t\t\t<div class=\"elementor-element elementor-element-61e52ac elementor-widget elementor-widget-text-editor\" data-id=\"61e52ac\" data-element_type=\"widget\" data-e-type=\"widget\" data-widget_type=\"text-editor.default\">\n\t\t\t\t\t\t\t\t\t<p>Das Pforzheimer Tierheim wird in erster Linie durch Spenden tierlieber Menschen finanziert. Spenden bekommen wir in Form von Mitgliedsbeitr\u00e4gen, Sach-, Geldspenden und Erbschaften. Doch auch die Stadt Pforzheim und der Enzkreis unterst\u00fctzen das Tierheim mit einer j\u00e4hrlichen Kostenerstattung.<\/p>\t\t\t\t\t\t\t\t<\/div>\n\t\t\t\t<div class=\"elementor-element elementor-element-6ac0f88 elementor-widget elementor-widget-spacer\" data-id=\"6ac0f88\" data-element_type=\"widget\" data-e-type=\"widget\" data-widget_type=\"spacer.default\">\n\t\t\t\t\t\t\t<div class=\"elementor-spacer\">\n\t\t\t<div class=\"elementor-spacer-inner\"><\/div>\n\t\t<\/div>\n\t\t\t\t\t\t<\/div>\n\t\t\t\t<div class=\"elementor-element elementor-element-0dca6ba elementor-widget elementor-widget-heading\" data-id=\"0dca6ba\" data-element_type=\"widget\" data-e-type=\"widget\" data-widget_type=\"heading.default\">\n\t\t\t\t\t<h3 class=\"elementor-heading-title elementor-size-default\">Was kostet der Unterhalt des Tierheims?\n<\/h3>\t\t\t\t<\/div>\n\t\t\t\t<div class=\"elementor-element elementor-element-9cfca9c elementor-widget elementor-widget-text-editor\" data-id=\"9cfca9c\" data-element_type=\"widget\" data-e-type=\"widget\" data-widget_type=\"text-editor.default\">\n\t\t\t\t\t\t\t\t\t<p>Das Tierheim Pforzheim braucht pro Jahr etwa 550 000 Euro um bestehen zu k\u00f6nnen. Die Kostenerstattungen die wir j\u00e4hrlich von en Beh\u00f6rden erhalten decken zusammen nicht einmal ein Drittel unserer Kosten.<\/p>\t\t\t\t\t\t\t\t<\/div>\n\t\t\t\t<div class=\"elementor-element elementor-element-03e7ea0 elementor-widget elementor-widget-heading\" data-id=\"03e7ea0\" data-element_type=\"widget\" data-e-type=\"widget\" data-widget_type=\"heading.default\">\n\t\t\t\t\t<h3 class=\"elementor-heading-title elementor-size-default\">Welche Aufgaben erf\u00fcllt das Tierheim?\n<\/h3>\t\t\t\t<\/div>\n\t\t\t\t<div class=\"elementor-element elementor-element-ff87ac8 elementor-widget elementor-widget-spacer\" data-id=\"ff87ac8\" data-element_type=\"widget\" data-e-type=\"widget\" data-widget_type=\"spacer.default\">\n\t\t\t\t\t\t\t<div class=\"elementor-spacer\">\n\t\t\t<div class=\"elementor-spacer-inner\"><\/div>\n\t\t<\/div>\n\t\t\t\t\t\t<\/div>\n\t\t\t\t<div class=\"elementor-element elementor-element-8755ea1 elementor-widget elementor-widget-text-editor\" data-id=\"8755ea1\" data-element_type=\"widget\" data-e-type=\"widget\" data-widget_type=\"text-editor.default\">\n\t\t\t\t\t\t\t\t\t<div class=\"ce_text block\"><p>F\u00fcr die Kostenerstattung der St\u00e4dte und Gemeinden \u00fcbernehmen wir hoheitliche Aufgaben: Dazu geh\u00f6rt die Aufnahme von Fundtieren und die Unterbringung von sichergestellten und beschlagnahmten Tieren. Viele Menschen glauben f\u00e4lschlicherweise, das Tierheim sei verpflichtet, generell alle Abgabetiere aufzunehmen, oder Tierrettungsfahrten jeglicher Art zu \u00fcbernehmen. Aber selbstverst\u00e4ndlich ist es uns ein Anliegen in Not geratenen Tieren zu helfen, wenn es uns m\u00f6glich ist.<\/p><\/div>\t\t\t\t\t\t\t\t<\/div>\n\t\t\t\t<div class=\"elementor-element elementor-element-6ff8898 elementor-widget elementor-widget-spacer\" data-id=\"6ff8898\" data-element_type=\"widget\" data-e-type=\"widget\" data-widget_type=\"spacer.default\">\n\t\t\t\t\t\t\t<div class=\"elementor-spacer\">\n\t\t\t<div class=\"elementor-spacer-inner\"><\/div>\n\t\t<\/div>\n\t\t\t\t\t\t<\/div>\n\t\t\t\t<div class=\"elementor-element elementor-element-b5e36ec elementor-widget elementor-widget-heading\" data-id=\"b5e36ec\" data-element_type=\"widget\" data-e-type=\"widget\" data-widget_type=\"heading.default\">\n\t\t\t\t\t<h3 class=\"elementor-heading-title elementor-size-default\">Warum kommen Tiere in das Tierheim?\n<\/h3>\t\t\t\t<\/div>\n\t\t\t\t<div class=\"elementor-element elementor-element-3c0f67c elementor-widget elementor-widget-text-editor\" data-id=\"3c0f67c\" data-element_type=\"widget\" data-e-type=\"widget\" data-widget_type=\"text-editor.default\">\n\t\t\t\t\t\t\t\t\t<div class=\"ce_text block\"><div class=\"ce_text block\"><p>Die Gr\u00fcnde sind so vielf\u00e4ltig wie unsere Tiere: Umzug, eine pl\u00f6tzlich auftretende Allergie, neuer Beruf, keine Lust oder keine Zeit mehr, Tierbesitzer werden mit dem Tier nicht mehr fertig oder haben kein Geld mehr. Tiere werden ausgesetzt und von der Polizei oder Passanten in das Tierheim gebracht. Manchmal auch von Beh\u00f6rden, wenn beispielsweise der Besitzer eine Haftstrafe verb\u00fc\u00dft oder einen Unfall hatte und im Krankenhaus ist. Manche unserer Tiere wurden aus einer schlechten Haltung beschlagnahmt oder sichergestellt.<\/p><\/div><\/div>\t\t\t\t\t\t\t\t<\/div>\n\t\t\t\t<div class=\"elementor-element elementor-element-d429b7c elementor-widget elementor-widget-spacer\" data-id=\"d429b7c\" data-element_type=\"widget\" data-e-type=\"widget\" data-widget_type=\"spacer.default\">\n\t\t\t\t\t\t\t<div class=\"elementor-spacer\">\n\t\t\t<div class=\"elementor-spacer-inner\"><\/div>\n\t\t<\/div>\n\t\t\t\t\t\t<\/div>\n\t\t\t\t<div class=\"elementor-element elementor-element-494da77 elementor-widget elementor-widget-heading\" data-id=\"494da77\" data-element_type=\"widget\" data-e-type=\"widget\" data-widget_type=\"heading.default\">\n\t\t\t\t\t<h3 class=\"elementor-heading-title elementor-size-default\">Welche Tierarten werden im Tierheim aufgenommen?\n<\/h3>\t\t\t\t<\/div>\n\t\t\t\t<div class=\"elementor-element elementor-element-2c073d9 elementor-widget elementor-widget-text-editor\" data-id=\"2c073d9\" data-element_type=\"widget\" data-e-type=\"widget\" data-widget_type=\"text-editor.default\">\n\t\t\t\t\t\t\t\t\t<div class=\"ce_text block\"><div class=\"ce_text block\"><p>Grunds\u00e4tzlich nehmen wir jede Tierart auf. Gegebenenfalls wird das Tier dann zu einer besser geeigneten Einrichtung gebracht. So kommen beispielsweise Reptilien zu einem versierten Fachmann der eng mit uns zusammenarbeitet. \u00c4hnlich ist es mit den Greifv\u00f6geln. Bei manchen Tierarten sto\u00dfen wir nat\u00fcrlich an unsere Grenzen und k\u00f6nnen h\u00f6chstens als Zwischenstation dienen, bis f\u00fcr das Tier eine geeignete Unterbringung gefunden wurde.<\/p><\/div><\/div>\t\t\t\t\t\t\t\t<\/div>\n\t\t\t\t<div class=\"elementor-element elementor-element-de703d1 elementor-widget elementor-widget-spacer\" data-id=\"de703d1\" data-element_type=\"widget\" data-e-type=\"widget\" data-widget_type=\"spacer.default\">\n\t\t\t\t\t\t\t<div class=\"elementor-spacer\">\n\t\t\t<div class=\"elementor-spacer-inner\"><\/div>\n\t\t<\/div>\n\t\t\t\t\t\t<\/div>\n\t\t\t\t<div class=\"elementor-element elementor-element-89bbf3e elementor-widget elementor-widget-heading\" data-id=\"89bbf3e\" data-element_type=\"widget\" data-e-type=\"widget\" data-widget_type=\"heading.default\">\n\t\t\t\t\t<h3 class=\"elementor-heading-title elementor-size-default\">Was war das exotischste Tier im Tierheim?\n<\/h3>\t\t\t\t<\/div>\n\t\t\t\t<div class=\"elementor-element elementor-element-eddd745 elementor-widget elementor-widget-text-editor\" data-id=\"eddd745\" data-element_type=\"widget\" data-e-type=\"widget\" data-widget_type=\"text-editor.default\">\n\t\t\t\t\t\t\t\t\t<div class=\"ce_text block\"><div class=\"ce_text block\"><div class=\"ce_text block\"><p>Wirklich exotische G\u00e4ste haben wir eigentlich keine aufzuweisen \u2013 zum Gl\u00fcck. Wir haben schon alle H\u00e4nde voll zu tun, wenn uns elf kleine \u201eSchweiner\u00fcssel\u201c Kummer bereiten, ein kleines Fuchsbaby gebracht wird, ein drei Meter K\u00f6nigs-Python nach einer neuen Bleibe sucht, oder die Feuerwehr mal wieder einen verletzten Schwan anliefert&#8230;<\/p><\/div><\/div><\/div>\t\t\t\t\t\t\t\t<\/div>\n\t\t\t\t<div class=\"elementor-element elementor-element-45ff29e elementor-widget elementor-widget-spacer\" data-id=\"45ff29e\" data-element_type=\"widget\" data-e-type=\"widget\" data-widget_type=\"spacer.default\">\n\t\t\t\t\t\t\t<div class=\"elementor-spacer\">\n\t\t\t<div class=\"elementor-spacer-inner\"><\/div>\n\t\t<\/div>\n\t\t\t\t\t\t<\/div>\n\t\t\t\t<div class=\"elementor-element elementor-element-4e417fb elementor-widget elementor-widget-heading\" data-id=\"4e417fb\" data-element_type=\"widget\" data-e-type=\"widget\" data-widget_type=\"heading.default\">\n\t\t\t\t\t<h3 class=\"elementor-heading-title elementor-size-default\">Wie viele Tiere sind im Tierheim?\n<\/h3>\t\t\t\t<\/div>\n\t\t\t\t<div class=\"elementor-element elementor-element-5f7528c elementor-widget elementor-widget-text-editor\" data-id=\"5f7528c\" data-element_type=\"widget\" data-e-type=\"widget\" data-widget_type=\"text-editor.default\">\n\t\t\t\t\t\t\t\t\t<div class=\"ce_text block\"><div class=\"ce_text block\"><div class=\"ce_text block\"><div class=\"ce_text block\"><p>Wenn wir alle Tiere zusammen z\u00e4hlen, dann leben zu Hochzeiten bis zu 300 Tiere gleichzeitig im Tierheim. Bei dieser Zahl sind wirklich alle Tiere eingerechnet, also auch die Tiere, die sich in den nicht \u00f6ffentlich zug\u00e4nglichen Bereichen befinden wie in den Quarant\u00e4nezimmern. F\u00fcr manche alte oder chronisch kranke Tiere k\u00f6nnen wir auch immer wieder liebevolle Pflegestellen finden, die den \u00e4rmsten unter unseren Vierbeinern den Aufenthalt im Tierheim, als ein Tier unter vielen, ersparen. Pro Jahr werden im Tierheim etwa 1500 Tiere betreut.<\/p><\/div><\/div><\/div><\/div>\t\t\t\t\t\t\t\t<\/div>\n\t\t\t\t<div class=\"elementor-element elementor-element-669fc10 elementor-widget elementor-widget-spacer\" data-id=\"669fc10\" data-element_type=\"widget\" data-e-type=\"widget\" data-widget_type=\"spacer.default\">\n\t\t\t\t\t\t\t<div class=\"elementor-spacer\">\n\t\t\t<div class=\"elementor-spacer-inner\"><\/div>\n\t\t<\/div>\n\t\t\t\t\t\t<\/div>\n\t\t\t\t<div class=\"elementor-element elementor-element-c42c042 elementor-widget elementor-widget-heading\" data-id=\"c42c042\" data-element_type=\"widget\" data-e-type=\"widget\" data-widget_type=\"heading.default\">\n\t\t\t\t\t<h3 class=\"elementor-heading-title elementor-size-default\">Was passiert mit den Tieren im Tierheim?\n<\/h3>\t\t\t\t<\/div>\n\t\t\t\t<div class=\"elementor-element elementor-element-bcfe05b elementor-widget elementor-widget-text-editor\" data-id=\"bcfe05b\" data-element_type=\"widget\" data-e-type=\"widget\" data-widget_type=\"text-editor.default\">\n\t\t\t\t\t\t\t\t\t<div class=\"ce_text block\"><div class=\"ce_text block\"><div class=\"ce_text block\"><div class=\"ce_text block\"><p>Herrenlose Tiere bleiben zwei Wochen in Quarant\u00e4ne. Erst danach d\u00fcrfen sie vermittelt werden. Abgegebene Tiere d\u00fcrfen nat\u00fcrlich gleich weiter vermittelt werden, vorausgesetzt, sie sind gesund. Jedes Tier wird medizinisch betreut, bekommt die notwendigen Impfungen, Wurmkuren, einen Mikrochip, Katzen werden t\u00e4towiert und kastriert. Wildtiere werden f\u00fcr ein Leben in freier Natur fit gemacht, denn dahin sollen sie auch wieder zur\u00fcck.<\/p><\/div><\/div><\/div><\/div>\t\t\t\t\t\t\t\t<\/div>\n\t\t\t\t\t<\/div>\n\t\t\t\t<\/div>\n\t\t<div class=\"elementor-element elementor-element-4c6b365 e-flex e-con-boxed e-con e-parent\" data-id=\"4c6b365\" data-element_type=\"container\" data-e-type=\"container\">\n\t\t\t\t\t<div class=\"e-con-inner\">\n\t\t\t\t\t<\/div>\n\t\t\t\t<\/div>\n\t\t\t\t<\/div>\n\t\t","protected":false},"excerpt":{"rendered":"<p>Unser Team Ein Tierschutzverein ist kein \u201enormaler\u201c Arbeitgeber. Ein Tierheim keine allt\u00e4gliche Arbeitsstelle. Wer erwartet, jeden Tag p\u00fcnktlich gehen zu k\u00f6nnen, m\u00f6gliche \u00dcberstunden ausbezahlt oder auf die Minute in Freizeit abgegolten zu bekommen, der wird erkennen m\u00fcssen, dass die Uhren in einem Tierheim anders ticken. Denn die Arbeit dort ist stressig und unglaublich vielf\u00e4ltig. Oftmals [&hellip;]<\/p>\n","protected":false},"author":1,"featured_media":0,"parent":0,"menu_order":0,"comment_status":"closed","ping_status":"closed","template":"","meta":{"_acf_changed":false,"zakra_page_container_layout":"customizer","zakra_page_sidebar_layout":"customizer","zakra_remove_content_margin":false,"zakra_sidebar":"customizer","zakra_transparent_header":"customizer","zakra_logo":0,"zakra_main_header_style":"default","zakra_menu_item_color":"","zakra_menu_item_hover_color":"","zakra_menu_item_active_color":"","zakra_menu_active_style":"","zakra_page_header":true,"footnotes":""},"class_list":["post-272","page","type-page","status-publish","hentry"],"acf":[],"_links":{"self":[{"href":"https:\/\/preview.tierheim-pforzheim.de\/index.php\/wp-json\/wp\/v2\/pages\/272","targetHints":{"allow":["GET"]}}],"collection":[{"href":"https:\/\/preview.tierheim-pforzheim.de\/index.php\/wp-json\/wp\/v2\/pages"}],"about":[{"href":"https:\/\/preview.tierheim-pforzheim.de\/index.php\/wp-json\/wp\/v2\/types\/page"}],"author":[{"embeddable":true,"href":"https:\/\/preview.tierheim-pforzheim.de\/index.php\/wp-json\/wp\/v2\/users\/1"}],"replies":[{"embeddable":true,"href":"https:\/\/preview.tierheim-pforzheim.de\/index.php\/wp-json\/wp\/v2\/comments?post=272"}],"version-history":[{"count":10,"href":"https:\/\/preview.tierheim-pforzheim.de\/index.php\/wp-json\/wp\/v2\/pages\/272\/revisions"}],"predecessor-version":[{"id":287,"href":"https:\/\/preview.tierheim-pforzheim.de\/index.php\/wp-json\/wp\/v2\/pages\/272\/revisions\/287"}],"wp:attachment":[{"href":"https:\/\/preview.tierheim-pforzheim.de\/index.php\/wp-json\/wp\/v2\/media?parent=272"}],"curies":[{"name":"wp","href":"https:\/\/api.w.org\/{rel}","templated":true}]}}